{"id":645,"date":"2025-05-08T13:35:44","date_gmt":"2025-05-08T12:35:44","guid":{"rendered":"https:\/\/dasstaging.hotboxstudios.net\/jako-klient\/"},"modified":"2025-07-01T13:11:35","modified_gmt":"2025-07-01T12:11:35","slug":"jako-klient","status":"publish","type":"page","link":"https:\/\/www.das-int.com\/pl\/dolacz-do-nas\/jako-klient\/","title":{"rendered":"Jako klient"},"content":{"rendered":"<h2>Do\u0142\u0105cz do nas<\/h2>\n<p>Wsp\u00f3\u0142praca z nami to gwarancja dost\u0119pu do <strong>zaanga\u017cowanego zespo\u0142u<\/strong>, kt\u00f3ry konsekwentnie d\u0105\u017cy do realizacji cel\u00f3w klienta \u2013 oferuj\u0105c innowacyjne rozwi\u0105zania oraz <strong>spersonalizowan\u0105 obs\u0142ug\u0119<\/strong>, zapewniaj\u0105c\u0105 trwa\u0142e i wymierne rezultaty. Niezale\u017cnie od tego czy pracuje jeden ekspert czy te\u017c budujemy multidyscyplinarny zesp\u00f3\u0142, zawsze wsp\u00f3\u0142pracujemy &#8211; anga\u017cujemy si\u0119 w wyzwania, kt\u00f3re stoj\u0105 przed Klientem i <strong>pracujemy razem<\/strong> dla osi\u0105gni\u0119cia sukcesu.<\/p>\n<h2>Nasze warto\u015bci<\/h2>\n<p>Nasze <a href=\"https:\/\/www.das-int.com\/pl\/nasze-wartosci\/\">warto\u015bci<\/a> s\u0105 fundamentem naszej kultury. Odzwierciedlaj\u0105 nasze <strong>d\u0105\u017cenie do doskona\u0142o\u015bci<\/strong> oraz zaanga\u017cowanie w kszta\u0142towanie pozytywnego wp\u0142ywu dla naszych klient\u00f3w. Jeste\u015bmy dumni z naszego rozwoju, nap\u0119dzanego silnym zobowi\u0105zaniem do podejmowania trudnych wyzwa\u0144 oraz dostarczaniem innowacyjnych i trwa\u0142ych rozwi\u0105za\u0144 dla najbardziej z\u0142o\u017conych problem\u00f3w. <\/p>\n","protected":false},"excerpt":{"rendered":"<p>Do\u0142\u0105cz do nas Wsp\u00f3\u0142praca z nami to gwarancja dost\u0119pu do zaanga\u017cowanego zespo\u0142u, kt\u00f3ry konsekwentnie d\u0105\u017cy do realizacji cel\u00f3w klienta \u2013 oferuj\u0105c innowacyjne rozwi\u0105zania oraz spersonalizowan\u0105 obs\u0142ug\u0119, zapewniaj\u0105c\u0105 trwa\u0142e i wymierne rezultaty. Niezale\u017cnie od tego czy pracuje jeden ekspert czy te\u017c budujemy multidyscyplinarny zesp\u00f3\u0142, zawsze wsp\u00f3\u0142pracujemy &#8211; anga\u017cujemy si\u0119 w wyzwania, kt\u00f3re stoj\u0105 przed Klientem i [&hellip;]<\/p>\n","protected":false},"author":1,"featured_media":0,"parent":675,"menu_order":0,"comment_status":"closed","ping_status":"closed","template":"templates\/wwu_client.php","meta":{"_acf_changed":false,"inline_featured_image":false,"footnotes":""},"class_list":["post-645","page","type-page","status-publish","hentry"],"acf":[],"yoast_head":"<!-- This site is optimized with the Yoast SEO plugin v27.2 - https:\/\/yoast.com\/product\/yoast-seo-wordpress\/ -->\n<title>Jako klient | DAS Ltd<\/title>\n<meta name=\"description\" content=\"Wsp\u00f3\u0142praca z nami to gwarancja dost\u0119pu do zaanga\u017cowanego zespo\u0142u, kt\u00f3ry konsekwentnie d\u0105\u017cy do realizacji cel\u00f3w klienta \u2013 oferuj\u0105c innowacyjne rozwi\u0105zania oraz spersonalizowan\u0105 obs\u0142ug\u0119, zapewniaj\u0105c\u0105 trwa\u0142e i wymierne rezultaty.\" \/>\n<meta name=\"robots\" content=\"index, follow, max-snippet:-1, max-image-preview:large, max-video-preview:-1\" \/>\n<link rel=\"canonical\" href=\"https:\/\/www.das-int.com\/pl\/dolacz-do-nas\/jako-klient\/\" \/>\n<meta property=\"og:locale\" content=\"pl_PL\" \/>\n<meta property=\"og:type\" content=\"article\" \/>\n<meta property=\"og:title\" content=\"Jako klient | DAS Ltd\" \/>\n<meta property=\"og:description\" content=\"Wsp\u00f3\u0142praca z nami to gwarancja dost\u0119pu do zaanga\u017cowanego zespo\u0142u, kt\u00f3ry konsekwentnie d\u0105\u017cy do realizacji cel\u00f3w klienta \u2013 oferuj\u0105c innowacyjne rozwi\u0105zania oraz spersonalizowan\u0105 obs\u0142ug\u0119, zapewniaj\u0105c\u0105 trwa\u0142e i wymierne rezultaty.\" \/>\n<meta property=\"og:url\" content=\"https:\/\/www.das-int.com\/pl\/dolacz-do-nas\/jako-klient\/\" \/>\n<meta property=\"og:site_name\" content=\"DAS Ltd\" \/>\n<meta property=\"article:modified_time\" content=\"2025-07-01T12:11:35+00:00\" \/>\n<meta name=\"twitter:card\" content=\"summary_large_image\" \/>\n<meta name=\"twitter:label1\" content=\"Szacowany czas czytania\" \/>\n\t<meta name=\"twitter:data1\" content=\"1 minuta\" \/>\n<script type=\"application\/ld+json\" class=\"yoast-schema-graph\">{\"@context\":\"https:\/\/schema.org\",\"@graph\":[{\"@type\":\"WebPage\",\"@id\":\"https:\/\/www.das-int.com\/pl\/dolacz-do-nas\/jako-klient\/\",\"url\":\"https:\/\/www.das-int.com\/pl\/dolacz-do-nas\/jako-klient\/\",\"name\":\"Jako klient | DAS Ltd\",\"isPartOf\":{\"@id\":\"https:\/\/www.das-int.com\/pl\/#website\"},\"datePublished\":\"2025-05-08T12:35:44+00:00\",\"dateModified\":\"2025-07-01T12:11:35+00:00\",\"description\":\"Wsp\u00f3\u0142praca z nami to gwarancja dost\u0119pu do zaanga\u017cowanego zespo\u0142u, kt\u00f3ry konsekwentnie d\u0105\u017cy do realizacji cel\u00f3w klienta \u2013 oferuj\u0105c innowacyjne rozwi\u0105zania oraz spersonalizowan\u0105 obs\u0142ug\u0119, zapewniaj\u0105c\u0105 trwa\u0142e i wymierne rezultaty.\",\"breadcrumb\":{\"@id\":\"https:\/\/www.das-int.com\/pl\/dolacz-do-nas\/jako-klient\/#breadcrumb\"},\"inLanguage\":\"pl-PL\",\"potentialAction\":[{\"@type\":\"ReadAction\",\"target\":[\"https:\/\/www.das-int.com\/pl\/dolacz-do-nas\/jako-klient\/\"]}]},{\"@type\":\"BreadcrumbList\",\"@id\":\"https:\/\/www.das-int.com\/pl\/dolacz-do-nas\/jako-klient\/#breadcrumb\",\"itemListElement\":[{\"@type\":\"ListItem\",\"position\":1,\"name\":\"Strona g\u0142\u00f3wna\",\"item\":\"https:\/\/www.das-int.com\/pl\/\"},{\"@type\":\"ListItem\",\"position\":2,\"name\":\"Do\u0142\u0105cz do nas\",\"item\":\"https:\/\/www.das-int.com\/pl\/dolacz-do-nas\/\"},{\"@type\":\"ListItem\",\"position\":3,\"name\":\"Jako klient\"}]},{\"@type\":\"WebSite\",\"@id\":\"https:\/\/www.das-int.com\/pl\/#website\",\"url\":\"https:\/\/www.das-int.com\/pl\/\",\"name\":\"DAS Ltd\",\"description\":\"\",\"publisher\":{\"@id\":\"https:\/\/www.das-int.com\/pl\/#organization\"},\"potentialAction\":[{\"@type\":\"SearchAction\",\"target\":{\"@type\":\"EntryPoint\",\"urlTemplate\":\"https:\/\/www.das-int.com\/pl\/?s={search_term_string}\"},\"query-input\":{\"@type\":\"PropertyValueSpecification\",\"valueRequired\":true,\"valueName\":\"search_term_string\"}}],\"inLanguage\":\"pl-PL\"},{\"@type\":\"Organization\",\"@id\":\"https:\/\/www.das-int.com\/pl\/#organization\",\"name\":\"DAS Ltd\",\"url\":\"https:\/\/www.das-int.com\/pl\/\",\"logo\":{\"@type\":\"ImageObject\",\"inLanguage\":\"pl-PL\",\"@id\":\"https:\/\/www.das-int.com\/pl\/#\/schema\/logo\/image\/\",\"url\":\"https:\/\/www.das-int.com\/wp-content\/uploads\/2025\/05\/DASiconcompact.png\",\"contentUrl\":\"https:\/\/www.das-int.com\/wp-content\/uploads\/2025\/05\/DASiconcompact.png\",\"width\":1156,\"height\":443,\"caption\":\"DAS Ltd\"},\"image\":{\"@id\":\"https:\/\/www.das-int.com\/pl\/#\/schema\/logo\/image\/\"},\"sameAs\":[\"https:\/\/www.linkedin.com\/company\/decision-analysis-services-ltd\/\"]}]}<\/script>\n<!-- \/ Yoast SEO plugin. -->","yoast_head_json":{"title":"Jako klient | DAS Ltd","description":"Wsp\u00f3\u0142praca z nami to gwarancja dost\u0119pu do zaanga\u017cowanego zespo\u0142u, kt\u00f3ry konsekwentnie d\u0105\u017cy do realizacji cel\u00f3w klienta \u2013 oferuj\u0105c innowacyjne rozwi\u0105zania oraz spersonalizowan\u0105 obs\u0142ug\u0119, zapewniaj\u0105c\u0105 trwa\u0142e i wymierne rezultaty.","robots":{"index":"index","follow":"follow","max-snippet":"max-snippet:-1","max-image-preview":"max-image-preview:large","max-video-preview":"max-video-preview:-1"},"canonical":"https:\/\/www.das-int.com\/pl\/dolacz-do-nas\/jako-klient\/","og_locale":"pl_PL","og_type":"article","og_title":"Jako klient | DAS Ltd","og_description":"Wsp\u00f3\u0142praca z nami to gwarancja dost\u0119pu do zaanga\u017cowanego zespo\u0142u, kt\u00f3ry konsekwentnie d\u0105\u017cy do realizacji cel\u00f3w klienta \u2013 oferuj\u0105c innowacyjne rozwi\u0105zania oraz spersonalizowan\u0105 obs\u0142ug\u0119, zapewniaj\u0105c\u0105 trwa\u0142e i wymierne rezultaty.","og_url":"https:\/\/www.das-int.com\/pl\/dolacz-do-nas\/jako-klient\/","og_site_name":"DAS Ltd","article_modified_time":"2025-07-01T12:11:35+00:00","twitter_card":"summary_large_image","twitter_misc":{"Szacowany czas czytania":"1 minuta"},"schema":{"@context":"https:\/\/schema.org","@graph":[{"@type":"WebPage","@id":"https:\/\/www.das-int.com\/pl\/dolacz-do-nas\/jako-klient\/","url":"https:\/\/www.das-int.com\/pl\/dolacz-do-nas\/jako-klient\/","name":"Jako klient | DAS Ltd","isPartOf":{"@id":"https:\/\/www.das-int.com\/pl\/#website"},"datePublished":"2025-05-08T12:35:44+00:00","dateModified":"2025-07-01T12:11:35+00:00","description":"Wsp\u00f3\u0142praca z nami to gwarancja dost\u0119pu do zaanga\u017cowanego zespo\u0142u, kt\u00f3ry konsekwentnie d\u0105\u017cy do realizacji cel\u00f3w klienta \u2013 oferuj\u0105c innowacyjne rozwi\u0105zania oraz spersonalizowan\u0105 obs\u0142ug\u0119, zapewniaj\u0105c\u0105 trwa\u0142e i wymierne rezultaty.","breadcrumb":{"@id":"https:\/\/www.das-int.com\/pl\/dolacz-do-nas\/jako-klient\/#breadcrumb"},"inLanguage":"pl-PL","potentialAction":[{"@type":"ReadAction","target":["https:\/\/www.das-int.com\/pl\/dolacz-do-nas\/jako-klient\/"]}]},{"@type":"BreadcrumbList","@id":"https:\/\/www.das-int.com\/pl\/dolacz-do-nas\/jako-klient\/#breadcrumb","itemListElement":[{"@type":"ListItem","position":1,"name":"Strona g\u0142\u00f3wna","item":"https:\/\/www.das-int.com\/pl\/"},{"@type":"ListItem","position":2,"name":"Do\u0142\u0105cz do nas","item":"https:\/\/www.das-int.com\/pl\/dolacz-do-nas\/"},{"@type":"ListItem","position":3,"name":"Jako klient"}]},{"@type":"WebSite","@id":"https:\/\/www.das-int.com\/pl\/#website","url":"https:\/\/www.das-int.com\/pl\/","name":"DAS Ltd","description":"","publisher":{"@id":"https:\/\/www.das-int.com\/pl\/#organization"},"potentialAction":[{"@type":"SearchAction","target":{"@type":"EntryPoint","urlTemplate":"https:\/\/www.das-int.com\/pl\/?s={search_term_string}"},"query-input":{"@type":"PropertyValueSpecification","valueRequired":true,"valueName":"search_term_string"}}],"inLanguage":"pl-PL"},{"@type":"Organization","@id":"https:\/\/www.das-int.com\/pl\/#organization","name":"DAS Ltd","url":"https:\/\/www.das-int.com\/pl\/","logo":{"@type":"ImageObject","inLanguage":"pl-PL","@id":"https:\/\/www.das-int.com\/pl\/#\/schema\/logo\/image\/","url":"https:\/\/www.das-int.com\/wp-content\/uploads\/2025\/05\/DASiconcompact.png","contentUrl":"https:\/\/www.das-int.com\/wp-content\/uploads\/2025\/05\/DASiconcompact.png","width":1156,"height":443,"caption":"DAS Ltd"},"image":{"@id":"https:\/\/www.das-int.com\/pl\/#\/schema\/logo\/image\/"},"sameAs":["https:\/\/www.linkedin.com\/company\/decision-analysis-services-ltd\/"]}]}},"_links":{"self":[{"href":"https:\/\/www.das-int.com\/pl\/wp-json\/wp\/v2\/pages\/645","targetHints":{"allow":["GET"]}}],"collection":[{"href":"https:\/\/www.das-int.com\/pl\/wp-json\/wp\/v2\/pages"}],"about":[{"href":"https:\/\/www.das-int.com\/pl\/wp-json\/wp\/v2\/types\/page"}],"author":[{"embeddable":true,"href":"https:\/\/www.das-int.com\/pl\/wp-json\/wp\/v2\/users\/1"}],"replies":[{"embeddable":true,"href":"https:\/\/www.das-int.com\/pl\/wp-json\/wp\/v2\/comments?post=645"}],"version-history":[{"count":2,"href":"https:\/\/www.das-int.com\/pl\/wp-json\/wp\/v2\/pages\/645\/revisions"}],"predecessor-version":[{"id":880,"href":"https:\/\/www.das-int.com\/pl\/wp-json\/wp\/v2\/pages\/645\/revisions\/880"}],"up":[{"embeddable":true,"href":"https:\/\/www.das-int.com\/pl\/wp-json\/wp\/v2\/pages\/675"}],"wp:attachment":[{"href":"https:\/\/www.das-int.com\/pl\/wp-json\/wp\/v2\/media?parent=645"}],"curies":[{"name":"wp","href":"https:\/\/api.w.org\/{rel}","templated":true}]}}