{"id":646,"date":"2025-05-16T17:23:28","date_gmt":"2025-05-16T16:23:28","guid":{"rendered":"https:\/\/dasstaging.hotboxstudios.net\/jako-partner\/"},"modified":"2025-07-03T12:03:29","modified_gmt":"2025-07-03T11:03:29","slug":"jako-partner","status":"publish","type":"page","link":"https:\/\/www.das-int.com\/pl\/dolacz-do-nas\/jako-partner\/","title":{"rendered":"Jako partner"},"content":{"rendered":"<h2>Zapraszamy do wsp\u00f3\u0142pracy<\/h2>\n<p>Zawsze jeste\u015bmy otwarci na merytoryczne rozmowy z podmiotami, kt\u00f3re podzielaj\u0105 nasze warto\u015bci i nasz\u0105 wizj\u0119.<\/p>\n<p>Je\u017celi poszukujesz partnera do realizacji projekt\u00f3w maj\u0105cych realny i rzeczywisty wp\u0142yw oraz chcia\u0142by\u015b rozwija\u0107 si\u0119 poprzez nowe modele wsp\u00f3\u0142pracy, lub je\u015bli chcesz dowiedzie\u0107 si\u0119 wi\u0119cej jak mo\u017cemy wsp\u00f3lnie dzia\u0142a\u0107, to ch\u0119tnie porozmawiamy.<\/p>\n","protected":false},"excerpt":{"rendered":"<p>Zapraszamy do wsp\u00f3\u0142pracy Zawsze jeste\u015bmy otwarci na merytoryczne rozmowy z podmiotami, kt\u00f3re podzielaj\u0105 nasze warto\u015bci i nasz\u0105 wizj\u0119. Je\u017celi poszukujesz partnera do realizacji projekt\u00f3w maj\u0105cych realny i rzeczywisty wp\u0142yw oraz chcia\u0142by\u015b rozwija\u0107 si\u0119 poprzez nowe modele wsp\u00f3\u0142pracy, lub je\u015bli chcesz dowiedzie\u0107 si\u0119 wi\u0119cej jak mo\u017cemy wsp\u00f3lnie dzia\u0142a\u0107, to ch\u0119tnie porozmawiamy.<\/p>\n","protected":false},"author":1,"featured_media":0,"parent":675,"menu_order":0,"comment_status":"closed","ping_status":"closed","template":"templates\/wwu_collab.php","meta":{"_acf_changed":false,"inline_featured_image":false,"footnotes":""},"class_list":["post-646","page","type-page","status-publish","hentry"],"acf":[],"yoast_head":"<!-- This site is optimized with the Yoast SEO plugin v27.2 - https:\/\/yoast.com\/product\/yoast-seo-wordpress\/ -->\n<title>Jako partner | DAS Ltd<\/title>\n<meta name=\"description\" content=\"Je\u017celi poszukujesz partnera do realizacji projekt\u00f3w maj\u0105cych realny i rzeczywisty wp\u0142yw oraz chcia\u0142by\u015b rozwija\u0107 si\u0119 poprzez nowe modele wsp\u00f3\u0142pracy, to zapraszamy do kontaktu.\" \/>\n<meta name=\"robots\" content=\"index, follow, max-snippet:-1, max-image-preview:large, max-video-preview:-1\" \/>\n<link rel=\"canonical\" href=\"https:\/\/www.das-int.com\/pl\/dolacz-do-nas\/jako-partner\/\" \/>\n<meta property=\"og:locale\" content=\"pl_PL\" \/>\n<meta property=\"og:type\" content=\"article\" \/>\n<meta property=\"og:title\" content=\"Jako partner | DAS Ltd\" \/>\n<meta property=\"og:description\" content=\"Je\u017celi poszukujesz partnera do realizacji projekt\u00f3w maj\u0105cych realny i rzeczywisty wp\u0142yw oraz chcia\u0142by\u015b rozwija\u0107 si\u0119 poprzez nowe modele wsp\u00f3\u0142pracy, to zapraszamy do kontaktu.\" \/>\n<meta property=\"og:url\" content=\"https:\/\/www.das-int.com\/pl\/dolacz-do-nas\/jako-partner\/\" \/>\n<meta property=\"og:site_name\" content=\"DAS Ltd\" \/>\n<meta property=\"article:modified_time\" content=\"2025-07-03T11:03:29+00:00\" \/>\n<meta name=\"twitter:card\" content=\"summary_large_image\" \/>\n<script type=\"application\/ld+json\" class=\"yoast-schema-graph\">{\"@context\":\"https:\/\/schema.org\",\"@graph\":[{\"@type\":\"WebPage\",\"@id\":\"https:\/\/www.das-int.com\/pl\/dolacz-do-nas\/jako-partner\/\",\"url\":\"https:\/\/www.das-int.com\/pl\/dolacz-do-nas\/jako-partner\/\",\"name\":\"Jako partner | DAS Ltd\",\"isPartOf\":{\"@id\":\"https:\/\/www.das-int.com\/pl\/#website\"},\"datePublished\":\"2025-05-16T16:23:28+00:00\",\"dateModified\":\"2025-07-03T11:03:29+00:00\",\"description\":\"Je\u017celi poszukujesz partnera do realizacji projekt\u00f3w maj\u0105cych realny i rzeczywisty wp\u0142yw oraz chcia\u0142by\u015b rozwija\u0107 si\u0119 poprzez nowe modele wsp\u00f3\u0142pracy, to zapraszamy do kontaktu.\",\"breadcrumb\":{\"@id\":\"https:\/\/www.das-int.com\/pl\/dolacz-do-nas\/jako-partner\/#breadcrumb\"},\"inLanguage\":\"pl-PL\",\"potentialAction\":[{\"@type\":\"ReadAction\",\"target\":[\"https:\/\/www.das-int.com\/pl\/dolacz-do-nas\/jako-partner\/\"]}]},{\"@type\":\"BreadcrumbList\",\"@id\":\"https:\/\/www.das-int.com\/pl\/dolacz-do-nas\/jako-partner\/#breadcrumb\",\"itemListElement\":[{\"@type\":\"ListItem\",\"position\":1,\"name\":\"Strona g\u0142\u00f3wna\",\"item\":\"https:\/\/www.das-int.com\/pl\/\"},{\"@type\":\"ListItem\",\"position\":2,\"name\":\"Do\u0142\u0105cz do nas\",\"item\":\"https:\/\/www.das-int.com\/pl\/dolacz-do-nas\/\"},{\"@type\":\"ListItem\",\"position\":3,\"name\":\"Jako partner\"}]},{\"@type\":\"WebSite\",\"@id\":\"https:\/\/www.das-int.com\/pl\/#website\",\"url\":\"https:\/\/www.das-int.com\/pl\/\",\"name\":\"DAS Ltd\",\"description\":\"\",\"publisher\":{\"@id\":\"https:\/\/www.das-int.com\/pl\/#organization\"},\"potentialAction\":[{\"@type\":\"SearchAction\",\"target\":{\"@type\":\"EntryPoint\",\"urlTemplate\":\"https:\/\/www.das-int.com\/pl\/?s={search_term_string}\"},\"query-input\":{\"@type\":\"PropertyValueSpecification\",\"valueRequired\":true,\"valueName\":\"search_term_string\"}}],\"inLanguage\":\"pl-PL\"},{\"@type\":\"Organization\",\"@id\":\"https:\/\/www.das-int.com\/pl\/#organization\",\"name\":\"DAS Ltd\",\"url\":\"https:\/\/www.das-int.com\/pl\/\",\"logo\":{\"@type\":\"ImageObject\",\"inLanguage\":\"pl-PL\",\"@id\":\"https:\/\/www.das-int.com\/pl\/#\/schema\/logo\/image\/\",\"url\":\"https:\/\/www.das-int.com\/wp-content\/uploads\/2025\/05\/DASiconcompact.png\",\"contentUrl\":\"https:\/\/www.das-int.com\/wp-content\/uploads\/2025\/05\/DASiconcompact.png\",\"width\":1156,\"height\":443,\"caption\":\"DAS Ltd\"},\"image\":{\"@id\":\"https:\/\/www.das-int.com\/pl\/#\/schema\/logo\/image\/\"},\"sameAs\":[\"https:\/\/www.linkedin.com\/company\/decision-analysis-services-ltd\/\"]}]}<\/script>\n<!-- \/ Yoast SEO plugin. -->","yoast_head_json":{"title":"Jako partner | DAS Ltd","description":"Je\u017celi poszukujesz partnera do realizacji projekt\u00f3w maj\u0105cych realny i rzeczywisty wp\u0142yw oraz chcia\u0142by\u015b rozwija\u0107 si\u0119 poprzez nowe modele wsp\u00f3\u0142pracy, to zapraszamy do kontaktu.","robots":{"index":"index","follow":"follow","max-snippet":"max-snippet:-1","max-image-preview":"max-image-preview:large","max-video-preview":"max-video-preview:-1"},"canonical":"https:\/\/www.das-int.com\/pl\/dolacz-do-nas\/jako-partner\/","og_locale":"pl_PL","og_type":"article","og_title":"Jako partner | DAS Ltd","og_description":"Je\u017celi poszukujesz partnera do realizacji projekt\u00f3w maj\u0105cych realny i rzeczywisty wp\u0142yw oraz chcia\u0142by\u015b rozwija\u0107 si\u0119 poprzez nowe modele wsp\u00f3\u0142pracy, to zapraszamy do kontaktu.","og_url":"https:\/\/www.das-int.com\/pl\/dolacz-do-nas\/jako-partner\/","og_site_name":"DAS Ltd","article_modified_time":"2025-07-03T11:03:29+00:00","twitter_card":"summary_large_image","schema":{"@context":"https:\/\/schema.org","@graph":[{"@type":"WebPage","@id":"https:\/\/www.das-int.com\/pl\/dolacz-do-nas\/jako-partner\/","url":"https:\/\/www.das-int.com\/pl\/dolacz-do-nas\/jako-partner\/","name":"Jako partner | DAS Ltd","isPartOf":{"@id":"https:\/\/www.das-int.com\/pl\/#website"},"datePublished":"2025-05-16T16:23:28+00:00","dateModified":"2025-07-03T11:03:29+00:00","description":"Je\u017celi poszukujesz partnera do realizacji projekt\u00f3w maj\u0105cych realny i rzeczywisty wp\u0142yw oraz chcia\u0142by\u015b rozwija\u0107 si\u0119 poprzez nowe modele wsp\u00f3\u0142pracy, to zapraszamy do kontaktu.","breadcrumb":{"@id":"https:\/\/www.das-int.com\/pl\/dolacz-do-nas\/jako-partner\/#breadcrumb"},"inLanguage":"pl-PL","potentialAction":[{"@type":"ReadAction","target":["https:\/\/www.das-int.com\/pl\/dolacz-do-nas\/jako-partner\/"]}]},{"@type":"BreadcrumbList","@id":"https:\/\/www.das-int.com\/pl\/dolacz-do-nas\/jako-partner\/#breadcrumb","itemListElement":[{"@type":"ListItem","position":1,"name":"Strona g\u0142\u00f3wna","item":"https:\/\/www.das-int.com\/pl\/"},{"@type":"ListItem","position":2,"name":"Do\u0142\u0105cz do nas","item":"https:\/\/www.das-int.com\/pl\/dolacz-do-nas\/"},{"@type":"ListItem","position":3,"name":"Jako partner"}]},{"@type":"WebSite","@id":"https:\/\/www.das-int.com\/pl\/#website","url":"https:\/\/www.das-int.com\/pl\/","name":"DAS Ltd","description":"","publisher":{"@id":"https:\/\/www.das-int.com\/pl\/#organization"},"potentialAction":[{"@type":"SearchAction","target":{"@type":"EntryPoint","urlTemplate":"https:\/\/www.das-int.com\/pl\/?s={search_term_string}"},"query-input":{"@type":"PropertyValueSpecification","valueRequired":true,"valueName":"search_term_string"}}],"inLanguage":"pl-PL"},{"@type":"Organization","@id":"https:\/\/www.das-int.com\/pl\/#organization","name":"DAS Ltd","url":"https:\/\/www.das-int.com\/pl\/","logo":{"@type":"ImageObject","inLanguage":"pl-PL","@id":"https:\/\/www.das-int.com\/pl\/#\/schema\/logo\/image\/","url":"https:\/\/www.das-int.com\/wp-content\/uploads\/2025\/05\/DASiconcompact.png","contentUrl":"https:\/\/www.das-int.com\/wp-content\/uploads\/2025\/05\/DASiconcompact.png","width":1156,"height":443,"caption":"DAS Ltd"},"image":{"@id":"https:\/\/www.das-int.com\/pl\/#\/schema\/logo\/image\/"},"sameAs":["https:\/\/www.linkedin.com\/company\/decision-analysis-services-ltd\/"]}]}},"_links":{"self":[{"href":"https:\/\/www.das-int.com\/pl\/wp-json\/wp\/v2\/pages\/646","targetHints":{"allow":["GET"]}}],"collection":[{"href":"https:\/\/www.das-int.com\/pl\/wp-json\/wp\/v2\/pages"}],"about":[{"href":"https:\/\/www.das-int.com\/pl\/wp-json\/wp\/v2\/types\/page"}],"author":[{"embeddable":true,"href":"https:\/\/www.das-int.com\/pl\/wp-json\/wp\/v2\/users\/1"}],"replies":[{"embeddable":true,"href":"https:\/\/www.das-int.com\/pl\/wp-json\/wp\/v2\/comments?post=646"}],"version-history":[{"count":2,"href":"https:\/\/www.das-int.com\/pl\/wp-json\/wp\/v2\/pages\/646\/revisions"}],"predecessor-version":[{"id":952,"href":"https:\/\/www.das-int.com\/pl\/wp-json\/wp\/v2\/pages\/646\/revisions\/952"}],"up":[{"embeddable":true,"href":"https:\/\/www.das-int.com\/pl\/wp-json\/wp\/v2\/pages\/675"}],"wp:attachment":[{"href":"https:\/\/www.das-int.com\/pl\/wp-json\/wp\/v2\/media?parent=646"}],"curies":[{"name":"wp","href":"https:\/\/api.w.org\/{rel}","templated":true}]}}