{"id":647,"date":"2025-05-08T12:20:57","date_gmt":"2025-05-08T11:20:57","guid":{"rendered":"https:\/\/dasstaging.hotboxstudios.net\/kontakt\/"},"modified":"2025-06-16T15:03:55","modified_gmt":"2025-06-16T14:03:55","slug":"kontakt","status":"publish","type":"page","link":"https:\/\/www.das-int.com\/pl\/kontakt\/","title":{"rendered":"Kontakt"},"content":{"rendered":"<h2>Z przyjemno\u015bci\u0105 nawi\u0105\u017cemy z Pa\u0144stwem wsp\u00f3\u0142prac\u0119.<\/h2>\n<p class=\"big\">Je\u015bli chcesz dowiedzie\u0107 si\u0119 wi\u0119cej o naszej dzia\u0142alno\u015bci, porozmawia\u0107 z jednym z naszych konsultant\u00f3w na temat wyzwa\u0144 w Pa\u0144stwa firmie lub mo\u017cliwo\u015bci wsp\u00f3\u0142pracy, skontaktuj si\u0119 z nami.<\/p>\n<h2>W przypadku zapyta\u0144 prosimy o kontakt poczt\u0105 elektroniczn\u0105.<\/h2>\n<p>Zapytania prosimy kierowa\u0107 na adres daspolska@das-polska.pl oraz <a href=\"mailto:info@das-ltd.co.uk\">info@das-ltd.co.uk.<\/a><br \/>\nSkontaktujemy si\u0119 z Pa\u0144stwem w ci\u0105gu 48 godzin.<\/p>\n","protected":false},"excerpt":{"rendered":"<p>Z przyjemno\u015bci\u0105 nawi\u0105\u017cemy z Pa\u0144stwem wsp\u00f3\u0142prac\u0119. Je\u015bli chcesz dowiedzie\u0107 si\u0119 wi\u0119cej o naszej dzia\u0142alno\u015bci, porozmawia\u0107 z jednym z naszych konsultant\u00f3w na temat wyzwa\u0144 w Pa\u0144stwa firmie lub mo\u017cliwo\u015bci wsp\u00f3\u0142pracy, skontaktuj si\u0119 z nami. W przypadku zapyta\u0144 prosimy o kontakt poczt\u0105 elektroniczn\u0105. Zapytania prosimy kierowa\u0107 na adres daspolska@das-polska.pl oraz info@das-ltd.co.uk. Skontaktujemy si\u0119 z Pa\u0144stwem w ci\u0105gu [&hellip;]<\/p>\n","protected":false},"author":1,"featured_media":0,"parent":0,"menu_order":99,"comment_status":"closed","ping_status":"closed","template":"templates\/contact.php","meta":{"_acf_changed":false,"inline_featured_image":false,"footnotes":""},"class_list":["post-647","page","type-page","status-publish","hentry"],"acf":[],"yoast_head":"<!-- This site is optimized with the Yoast SEO plugin v27.2 - https:\/\/yoast.com\/product\/yoast-seo-wordpress\/ -->\n<title>Kontakt | DAS Ltd<\/title>\n<meta name=\"description\" content=\"Dowiedz si\u0119 wi\u0119cej o naszej pracy, porozmawiaj z jednym z naszych konsultant\u00f3w o wyzwaniach w Pa\u0144stwa firmie lub mo\u017cliwo\u015bciach wsp\u00f3\u0142pracy \u2013 skontaktuj si\u0119 z nami.\" \/>\n<meta name=\"robots\" content=\"index, follow, max-snippet:-1, max-image-preview:large, max-video-preview:-1\" \/>\n<link rel=\"canonical\" href=\"https:\/\/www.das-int.com\/pl\/kontakt\/\" \/>\n<meta property=\"og:locale\" content=\"pl_PL\" \/>\n<meta property=\"og:type\" content=\"article\" \/>\n<meta property=\"og:title\" content=\"Kontakt | DAS Ltd\" \/>\n<meta property=\"og:description\" content=\"Dowiedz si\u0119 wi\u0119cej o naszej pracy, porozmawiaj z jednym z naszych konsultant\u00f3w o wyzwaniach w Pa\u0144stwa firmie lub mo\u017cliwo\u015bciach wsp\u00f3\u0142pracy \u2013 skontaktuj si\u0119 z nami.\" \/>\n<meta property=\"og:url\" content=\"https:\/\/www.das-int.com\/pl\/kontakt\/\" \/>\n<meta property=\"og:site_name\" content=\"DAS Ltd\" \/>\n<meta property=\"article:modified_time\" content=\"2025-06-16T14:03:55+00:00\" \/>\n<meta name=\"twitter:card\" content=\"summary_large_image\" \/>\n<script type=\"application\/ld+json\" class=\"yoast-schema-graph\">{\"@context\":\"https:\/\/schema.org\",\"@graph\":[{\"@type\":\"WebPage\",\"@id\":\"https:\/\/www.das-int.com\/pl\/kontakt\/\",\"url\":\"https:\/\/www.das-int.com\/pl\/kontakt\/\",\"name\":\"Kontakt | DAS Ltd\",\"isPartOf\":{\"@id\":\"https:\/\/www.das-int.com\/pl\/#website\"},\"datePublished\":\"2025-05-08T11:20:57+00:00\",\"dateModified\":\"2025-06-16T14:03:55+00:00\",\"description\":\"Dowiedz si\u0119 wi\u0119cej o naszej pracy, porozmawiaj z jednym z naszych konsultant\u00f3w o wyzwaniach w Pa\u0144stwa firmie lub mo\u017cliwo\u015bciach wsp\u00f3\u0142pracy \u2013 skontaktuj si\u0119 z nami.\",\"breadcrumb\":{\"@id\":\"https:\/\/www.das-int.com\/pl\/kontakt\/#breadcrumb\"},\"inLanguage\":\"pl-PL\",\"potentialAction\":[{\"@type\":\"ReadAction\",\"target\":[\"https:\/\/www.das-int.com\/pl\/kontakt\/\"]}]},{\"@type\":\"BreadcrumbList\",\"@id\":\"https:\/\/www.das-int.com\/pl\/kontakt\/#breadcrumb\",\"itemListElement\":[{\"@type\":\"ListItem\",\"position\":1,\"name\":\"Strona g\u0142\u00f3wna\",\"item\":\"https:\/\/www.das-int.com\/pl\/\"},{\"@type\":\"ListItem\",\"position\":2,\"name\":\"Kontakt\"}]},{\"@type\":\"WebSite\",\"@id\":\"https:\/\/www.das-int.com\/pl\/#website\",\"url\":\"https:\/\/www.das-int.com\/pl\/\",\"name\":\"DAS Ltd\",\"description\":\"\",\"publisher\":{\"@id\":\"https:\/\/www.das-int.com\/pl\/#organization\"},\"potentialAction\":[{\"@type\":\"SearchAction\",\"target\":{\"@type\":\"EntryPoint\",\"urlTemplate\":\"https:\/\/www.das-int.com\/pl\/?s={search_term_string}\"},\"query-input\":{\"@type\":\"PropertyValueSpecification\",\"valueRequired\":true,\"valueName\":\"search_term_string\"}}],\"inLanguage\":\"pl-PL\"},{\"@type\":\"Organization\",\"@id\":\"https:\/\/www.das-int.com\/pl\/#organization\",\"name\":\"DAS Ltd\",\"url\":\"https:\/\/www.das-int.com\/pl\/\",\"logo\":{\"@type\":\"ImageObject\",\"inLanguage\":\"pl-PL\",\"@id\":\"https:\/\/www.das-int.com\/pl\/#\/schema\/logo\/image\/\",\"url\":\"https:\/\/www.das-int.com\/wp-content\/uploads\/2025\/05\/DASiconcompact.png\",\"contentUrl\":\"https:\/\/www.das-int.com\/wp-content\/uploads\/2025\/05\/DASiconcompact.png\",\"width\":1156,\"height\":443,\"caption\":\"DAS Ltd\"},\"image\":{\"@id\":\"https:\/\/www.das-int.com\/pl\/#\/schema\/logo\/image\/\"},\"sameAs\":[\"https:\/\/www.linkedin.com\/company\/decision-analysis-services-ltd\/\"]}]}<\/script>\n<!-- \/ Yoast SEO plugin. -->","yoast_head_json":{"title":"Kontakt | DAS Ltd","description":"Dowiedz si\u0119 wi\u0119cej o naszej pracy, porozmawiaj z jednym z naszych konsultant\u00f3w o wyzwaniach w Pa\u0144stwa firmie lub mo\u017cliwo\u015bciach wsp\u00f3\u0142pracy \u2013 skontaktuj si\u0119 z nami.","robots":{"index":"index","follow":"follow","max-snippet":"max-snippet:-1","max-image-preview":"max-image-preview:large","max-video-preview":"max-video-preview:-1"},"canonical":"https:\/\/www.das-int.com\/pl\/kontakt\/","og_locale":"pl_PL","og_type":"article","og_title":"Kontakt | DAS Ltd","og_description":"Dowiedz si\u0119 wi\u0119cej o naszej pracy, porozmawiaj z jednym z naszych konsultant\u00f3w o wyzwaniach w Pa\u0144stwa firmie lub mo\u017cliwo\u015bciach wsp\u00f3\u0142pracy \u2013 skontaktuj si\u0119 z nami.","og_url":"https:\/\/www.das-int.com\/pl\/kontakt\/","og_site_name":"DAS Ltd","article_modified_time":"2025-06-16T14:03:55+00:00","twitter_card":"summary_large_image","schema":{"@context":"https:\/\/schema.org","@graph":[{"@type":"WebPage","@id":"https:\/\/www.das-int.com\/pl\/kontakt\/","url":"https:\/\/www.das-int.com\/pl\/kontakt\/","name":"Kontakt | DAS Ltd","isPartOf":{"@id":"https:\/\/www.das-int.com\/pl\/#website"},"datePublished":"2025-05-08T11:20:57+00:00","dateModified":"2025-06-16T14:03:55+00:00","description":"Dowiedz si\u0119 wi\u0119cej o naszej pracy, porozmawiaj z jednym z naszych konsultant\u00f3w o wyzwaniach w Pa\u0144stwa firmie lub mo\u017cliwo\u015bciach wsp\u00f3\u0142pracy \u2013 skontaktuj si\u0119 z nami.","breadcrumb":{"@id":"https:\/\/www.das-int.com\/pl\/kontakt\/#breadcrumb"},"inLanguage":"pl-PL","potentialAction":[{"@type":"ReadAction","target":["https:\/\/www.das-int.com\/pl\/kontakt\/"]}]},{"@type":"BreadcrumbList","@id":"https:\/\/www.das-int.com\/pl\/kontakt\/#breadcrumb","itemListElement":[{"@type":"ListItem","position":1,"name":"Strona g\u0142\u00f3wna","item":"https:\/\/www.das-int.com\/pl\/"},{"@type":"ListItem","position":2,"name":"Kontakt"}]},{"@type":"WebSite","@id":"https:\/\/www.das-int.com\/pl\/#website","url":"https:\/\/www.das-int.com\/pl\/","name":"DAS Ltd","description":"","publisher":{"@id":"https:\/\/www.das-int.com\/pl\/#organization"},"potentialAction":[{"@type":"SearchAction","target":{"@type":"EntryPoint","urlTemplate":"https:\/\/www.das-int.com\/pl\/?s={search_term_string}"},"query-input":{"@type":"PropertyValueSpecification","valueRequired":true,"valueName":"search_term_string"}}],"inLanguage":"pl-PL"},{"@type":"Organization","@id":"https:\/\/www.das-int.com\/pl\/#organization","name":"DAS Ltd","url":"https:\/\/www.das-int.com\/pl\/","logo":{"@type":"ImageObject","inLanguage":"pl-PL","@id":"https:\/\/www.das-int.com\/pl\/#\/schema\/logo\/image\/","url":"https:\/\/www.das-int.com\/wp-content\/uploads\/2025\/05\/DASiconcompact.png","contentUrl":"https:\/\/www.das-int.com\/wp-content\/uploads\/2025\/05\/DASiconcompact.png","width":1156,"height":443,"caption":"DAS Ltd"},"image":{"@id":"https:\/\/www.das-int.com\/pl\/#\/schema\/logo\/image\/"},"sameAs":["https:\/\/www.linkedin.com\/company\/decision-analysis-services-ltd\/"]}]}},"_links":{"self":[{"href":"https:\/\/www.das-int.com\/pl\/wp-json\/wp\/v2\/pages\/647","targetHints":{"allow":["GET"]}}],"collection":[{"href":"https:\/\/www.das-int.com\/pl\/wp-json\/wp\/v2\/pages"}],"about":[{"href":"https:\/\/www.das-int.com\/pl\/wp-json\/wp\/v2\/types\/page"}],"author":[{"embeddable":true,"href":"https:\/\/www.das-int.com\/pl\/wp-json\/wp\/v2\/users\/1"}],"replies":[{"embeddable":true,"href":"https:\/\/www.das-int.com\/pl\/wp-json\/wp\/v2\/comments?post=647"}],"version-history":[{"count":1,"href":"https:\/\/www.das-int.com\/pl\/wp-json\/wp\/v2\/pages\/647\/revisions"}],"predecessor-version":[{"id":694,"href":"https:\/\/www.das-int.com\/pl\/wp-json\/wp\/v2\/pages\/647\/revisions\/694"}],"wp:attachment":[{"href":"https:\/\/www.das-int.com\/pl\/wp-json\/wp\/v2\/media?parent=647"}],"curies":[{"name":"wp","href":"https:\/\/api.w.org\/{rel}","templated":true}]}}