{"id":648,"date":"2025-05-08T13:36:34","date_gmt":"2025-05-08T12:36:34","guid":{"rendered":"https:\/\/dasstaging.hotboxstudios.net\/jako-pracownik\/"},"modified":"2025-07-03T12:57:13","modified_gmt":"2025-07-03T11:57:13","slug":"jako-pracownik","status":"publish","type":"page","link":"https:\/\/www.das-int.com\/pl\/dolacz-do-nas\/jako-pracownik\/","title":{"rendered":"Jako pracownik"},"content":{"rendered":"","protected":false},"excerpt":{"rendered":"","protected":false},"author":1,"featured_media":0,"parent":675,"menu_order":0,"comment_status":"closed","ping_status":"closed","template":"templates\/wwu_employee.php","meta":{"_acf_changed":false,"inline_featured_image":false,"footnotes":""},"class_list":["post-648","page","type-page","status-publish","hentry"],"acf":[],"yoast_head":"<!-- This site is optimized with the Yoast SEO plugin v27.2 - https:\/\/yoast.com\/product\/yoast-seo-wordpress\/ -->\n<title>Jako pracownik | DAS Ltd<\/title>\n<meta name=\"description\" content=\"Nasz\u0105 misj\u0105 jest zwi\u0119kszanie potencja\u0142u, warto\u015bci, efektywno\u015bci oraz wsparcie zr\u00f3wnowa\u017conego rozwoju kluczowych program\u00f3w w sektorach obronnym, energetyki, administracji publicznej, transportu oraz ochrony zdrowia.\" \/>\n<meta name=\"robots\" content=\"index, follow, max-snippet:-1, max-image-preview:large, max-video-preview:-1\" \/>\n<link rel=\"canonical\" href=\"https:\/\/www.das-int.com\/pl\/dolacz-do-nas\/jako-pracownik\/\" \/>\n<meta property=\"og:locale\" content=\"pl_PL\" \/>\n<meta property=\"og:type\" content=\"article\" \/>\n<meta property=\"og:title\" content=\"Jako pracownik | DAS Ltd\" \/>\n<meta property=\"og:description\" content=\"Nasz\u0105 misj\u0105 jest zwi\u0119kszanie potencja\u0142u, warto\u015bci, efektywno\u015bci oraz wsparcie zr\u00f3wnowa\u017conego rozwoju kluczowych program\u00f3w w sektorach obronnym, energetyki, administracji publicznej, transportu oraz ochrony zdrowia.\" \/>\n<meta property=\"og:url\" content=\"https:\/\/www.das-int.com\/pl\/dolacz-do-nas\/jako-pracownik\/\" \/>\n<meta property=\"og:site_name\" content=\"DAS Ltd\" \/>\n<meta property=\"article:modified_time\" content=\"2025-07-03T11:57:13+00:00\" \/>\n<meta name=\"twitter:card\" content=\"summary_large_image\" \/>\n<script type=\"application\/ld+json\" class=\"yoast-schema-graph\">{\"@context\":\"https:\/\/schema.org\",\"@graph\":[{\"@type\":\"WebPage\",\"@id\":\"https:\/\/www.das-int.com\/pl\/dolacz-do-nas\/jako-pracownik\/\",\"url\":\"https:\/\/www.das-int.com\/pl\/dolacz-do-nas\/jako-pracownik\/\",\"name\":\"Jako pracownik | DAS Ltd\",\"isPartOf\":{\"@id\":\"https:\/\/www.das-int.com\/pl\/#website\"},\"datePublished\":\"2025-05-08T12:36:34+00:00\",\"dateModified\":\"2025-07-03T11:57:13+00:00\",\"description\":\"Nasz\u0105 misj\u0105 jest zwi\u0119kszanie potencja\u0142u, warto\u015bci, efektywno\u015bci oraz wsparcie zr\u00f3wnowa\u017conego rozwoju kluczowych program\u00f3w w sektorach obronnym, energetyki, administracji publicznej, transportu oraz ochrony zdrowia.\",\"breadcrumb\":{\"@id\":\"https:\/\/www.das-int.com\/pl\/dolacz-do-nas\/jako-pracownik\/#breadcrumb\"},\"inLanguage\":\"pl-PL\",\"potentialAction\":[{\"@type\":\"ReadAction\",\"target\":[\"https:\/\/www.das-int.com\/pl\/dolacz-do-nas\/jako-pracownik\/\"]}]},{\"@type\":\"BreadcrumbList\",\"@id\":\"https:\/\/www.das-int.com\/pl\/dolacz-do-nas\/jako-pracownik\/#breadcrumb\",\"itemListElement\":[{\"@type\":\"ListItem\",\"position\":1,\"name\":\"Strona g\u0142\u00f3wna\",\"item\":\"https:\/\/www.das-int.com\/pl\/\"},{\"@type\":\"ListItem\",\"position\":2,\"name\":\"Do\u0142\u0105cz do nas\",\"item\":\"https:\/\/www.das-int.com\/pl\/dolacz-do-nas\/\"},{\"@type\":\"ListItem\",\"position\":3,\"name\":\"Jako pracownik\"}]},{\"@type\":\"WebSite\",\"@id\":\"https:\/\/www.das-int.com\/pl\/#website\",\"url\":\"https:\/\/www.das-int.com\/pl\/\",\"name\":\"DAS Ltd\",\"description\":\"\",\"publisher\":{\"@id\":\"https:\/\/www.das-int.com\/pl\/#organization\"},\"potentialAction\":[{\"@type\":\"SearchAction\",\"target\":{\"@type\":\"EntryPoint\",\"urlTemplate\":\"https:\/\/www.das-int.com\/pl\/?s={search_term_string}\"},\"query-input\":{\"@type\":\"PropertyValueSpecification\",\"valueRequired\":true,\"valueName\":\"search_term_string\"}}],\"inLanguage\":\"pl-PL\"},{\"@type\":\"Organization\",\"@id\":\"https:\/\/www.das-int.com\/pl\/#organization\",\"name\":\"DAS Ltd\",\"url\":\"https:\/\/www.das-int.com\/pl\/\",\"logo\":{\"@type\":\"ImageObject\",\"inLanguage\":\"pl-PL\",\"@id\":\"https:\/\/www.das-int.com\/pl\/#\/schema\/logo\/image\/\",\"url\":\"https:\/\/www.das-int.com\/wp-content\/uploads\/2025\/05\/DASiconcompact.png\",\"contentUrl\":\"https:\/\/www.das-int.com\/wp-content\/uploads\/2025\/05\/DASiconcompact.png\",\"width\":1156,\"height\":443,\"caption\":\"DAS Ltd\"},\"image\":{\"@id\":\"https:\/\/www.das-int.com\/pl\/#\/schema\/logo\/image\/\"},\"sameAs\":[\"https:\/\/www.linkedin.com\/company\/decision-analysis-services-ltd\/\"]}]}<\/script>\n<!-- \/ Yoast SEO plugin. -->","yoast_head_json":{"title":"Jako pracownik | DAS Ltd","description":"Nasz\u0105 misj\u0105 jest zwi\u0119kszanie potencja\u0142u, warto\u015bci, efektywno\u015bci oraz wsparcie zr\u00f3wnowa\u017conego rozwoju kluczowych program\u00f3w w sektorach obronnym, energetyki, administracji publicznej, transportu oraz ochrony zdrowia.","robots":{"index":"index","follow":"follow","max-snippet":"max-snippet:-1","max-image-preview":"max-image-preview:large","max-video-preview":"max-video-preview:-1"},"canonical":"https:\/\/www.das-int.com\/pl\/dolacz-do-nas\/jako-pracownik\/","og_locale":"pl_PL","og_type":"article","og_title":"Jako pracownik | DAS Ltd","og_description":"Nasz\u0105 misj\u0105 jest zwi\u0119kszanie potencja\u0142u, warto\u015bci, efektywno\u015bci oraz wsparcie zr\u00f3wnowa\u017conego rozwoju kluczowych program\u00f3w w sektorach obronnym, energetyki, administracji publicznej, transportu oraz ochrony zdrowia.","og_url":"https:\/\/www.das-int.com\/pl\/dolacz-do-nas\/jako-pracownik\/","og_site_name":"DAS Ltd","article_modified_time":"2025-07-03T11:57:13+00:00","twitter_card":"summary_large_image","schema":{"@context":"https:\/\/schema.org","@graph":[{"@type":"WebPage","@id":"https:\/\/www.das-int.com\/pl\/dolacz-do-nas\/jako-pracownik\/","url":"https:\/\/www.das-int.com\/pl\/dolacz-do-nas\/jako-pracownik\/","name":"Jako pracownik | DAS Ltd","isPartOf":{"@id":"https:\/\/www.das-int.com\/pl\/#website"},"datePublished":"2025-05-08T12:36:34+00:00","dateModified":"2025-07-03T11:57:13+00:00","description":"Nasz\u0105 misj\u0105 jest zwi\u0119kszanie potencja\u0142u, warto\u015bci, efektywno\u015bci oraz wsparcie zr\u00f3wnowa\u017conego rozwoju kluczowych program\u00f3w w sektorach obronnym, energetyki, administracji publicznej, transportu oraz ochrony zdrowia.","breadcrumb":{"@id":"https:\/\/www.das-int.com\/pl\/dolacz-do-nas\/jako-pracownik\/#breadcrumb"},"inLanguage":"pl-PL","potentialAction":[{"@type":"ReadAction","target":["https:\/\/www.das-int.com\/pl\/dolacz-do-nas\/jako-pracownik\/"]}]},{"@type":"BreadcrumbList","@id":"https:\/\/www.das-int.com\/pl\/dolacz-do-nas\/jako-pracownik\/#breadcrumb","itemListElement":[{"@type":"ListItem","position":1,"name":"Strona g\u0142\u00f3wna","item":"https:\/\/www.das-int.com\/pl\/"},{"@type":"ListItem","position":2,"name":"Do\u0142\u0105cz do nas","item":"https:\/\/www.das-int.com\/pl\/dolacz-do-nas\/"},{"@type":"ListItem","position":3,"name":"Jako pracownik"}]},{"@type":"WebSite","@id":"https:\/\/www.das-int.com\/pl\/#website","url":"https:\/\/www.das-int.com\/pl\/","name":"DAS Ltd","description":"","publisher":{"@id":"https:\/\/www.das-int.com\/pl\/#organization"},"potentialAction":[{"@type":"SearchAction","target":{"@type":"EntryPoint","urlTemplate":"https:\/\/www.das-int.com\/pl\/?s={search_term_string}"},"query-input":{"@type":"PropertyValueSpecification","valueRequired":true,"valueName":"search_term_string"}}],"inLanguage":"pl-PL"},{"@type":"Organization","@id":"https:\/\/www.das-int.com\/pl\/#organization","name":"DAS Ltd","url":"https:\/\/www.das-int.com\/pl\/","logo":{"@type":"ImageObject","inLanguage":"pl-PL","@id":"https:\/\/www.das-int.com\/pl\/#\/schema\/logo\/image\/","url":"https:\/\/www.das-int.com\/wp-content\/uploads\/2025\/05\/DASiconcompact.png","contentUrl":"https:\/\/www.das-int.com\/wp-content\/uploads\/2025\/05\/DASiconcompact.png","width":1156,"height":443,"caption":"DAS Ltd"},"image":{"@id":"https:\/\/www.das-int.com\/pl\/#\/schema\/logo\/image\/"},"sameAs":["https:\/\/www.linkedin.com\/company\/decision-analysis-services-ltd\/"]}]}},"_links":{"self":[{"href":"https:\/\/www.das-int.com\/pl\/wp-json\/wp\/v2\/pages\/648","targetHints":{"allow":["GET"]}}],"collection":[{"href":"https:\/\/www.das-int.com\/pl\/wp-json\/wp\/v2\/pages"}],"about":[{"href":"https:\/\/www.das-int.com\/pl\/wp-json\/wp\/v2\/types\/page"}],"author":[{"embeddable":true,"href":"https:\/\/www.das-int.com\/pl\/wp-json\/wp\/v2\/users\/1"}],"replies":[{"embeddable":true,"href":"https:\/\/www.das-int.com\/pl\/wp-json\/wp\/v2\/comments?post=648"}],"version-history":[{"count":1,"href":"https:\/\/www.das-int.com\/pl\/wp-json\/wp\/v2\/pages\/648\/revisions"}],"predecessor-version":[{"id":677,"href":"https:\/\/www.das-int.com\/pl\/wp-json\/wp\/v2\/pages\/648\/revisions\/677"}],"up":[{"embeddable":true,"href":"https:\/\/www.das-int.com\/pl\/wp-json\/wp\/v2\/pages\/675"}],"wp:attachment":[{"href":"https:\/\/www.das-int.com\/pl\/wp-json\/wp\/v2\/media?parent=648"}],"curies":[{"name":"wp","href":"https:\/\/api.w.org\/{rel}","templated":true}]}}