{"id":658,"date":"2025-05-11T16:48:50","date_gmt":"2025-05-11T15:48:50","guid":{"rendered":"https:\/\/dasstaging.hotboxstudios.net\/zarzadzanie-zamowieniami-i-programami\/"},"modified":"2025-06-16T14:53:17","modified_gmt":"2025-06-16T13:53:17","slug":"zarzadzanie-zamowieniami-i-programami","status":"publish","type":"page","link":"https:\/\/www.das-int.com\/pl\/nasza-dzialalnosc\/zarzadzanie-zamowieniami-i-programami\/","title":{"rendered":"Zarz\u0105dzanie Programami i Portfolio oraz Zarz\u0105dzanie Zakupami"},"content":{"rendered":"","protected":false},"excerpt":{"rendered":"","protected":false},"author":1,"featured_media":0,"parent":664,"menu_order":0,"comment_status":"closed","ping_status":"closed","template":"templates\/capability.php","meta":{"_acf_changed":false,"inline_featured_image":false,"footnotes":""},"class_list":["post-658","page","type-page","status-publish","hentry"],"acf":[],"yoast_head":"<!-- This site is optimized with the Yoast SEO plugin v27.2 - https:\/\/yoast.com\/product\/yoast-seo-wordpress\/ -->\n<title>Zarz\u0105dzanie Programami i Portfolio oraz Zarz\u0105dzanie Zakupami | DAS Ltd<\/title>\n<meta name=\"description\" content=\"\u015awiadczymy us\u0142ugi planowania strategicznego oraz zarz\u0105dzania programami, zam\u00f3wieniami i portfolio (P3M) w kluczowych dla nas sektorach.\" \/>\n<meta name=\"robots\" content=\"index, follow, max-snippet:-1, max-image-preview:large, max-video-preview:-1\" \/>\n<link rel=\"canonical\" href=\"https:\/\/www.das-int.com\/pl\/nasza-dzialalnosc\/zarzadzanie-zamowieniami-i-programami\/\" \/>\n<meta property=\"og:locale\" content=\"pl_PL\" \/>\n<meta property=\"og:type\" content=\"article\" \/>\n<meta property=\"og:title\" content=\"Zarz\u0105dzanie Programami i Portfolio oraz Zarz\u0105dzanie Zakupami | DAS Ltd\" \/>\n<meta property=\"og:description\" content=\"\u015awiadczymy us\u0142ugi planowania strategicznego oraz zarz\u0105dzania programami, zam\u00f3wieniami i portfolio (P3M) w kluczowych dla nas sektorach.\" \/>\n<meta property=\"og:url\" content=\"https:\/\/www.das-int.com\/pl\/nasza-dzialalnosc\/zarzadzanie-zamowieniami-i-programami\/\" \/>\n<meta property=\"og:site_name\" content=\"DAS Ltd\" \/>\n<meta property=\"article:modified_time\" content=\"2025-06-16T13:53:17+00:00\" \/>\n<meta name=\"twitter:card\" content=\"summary_large_image\" \/>\n<script type=\"application\/ld+json\" class=\"yoast-schema-graph\">{\"@context\":\"https:\/\/schema.org\",\"@graph\":[{\"@type\":\"WebPage\",\"@id\":\"https:\/\/www.das-int.com\/pl\/nasza-dzialalnosc\/zarzadzanie-zamowieniami-i-programami\/\",\"url\":\"https:\/\/www.das-int.com\/pl\/nasza-dzialalnosc\/zarzadzanie-zamowieniami-i-programami\/\",\"name\":\"Zarz\u0105dzanie Programami i Portfolio oraz Zarz\u0105dzanie Zakupami | DAS Ltd\",\"isPartOf\":{\"@id\":\"https:\/\/www.das-int.com\/pl\/#website\"},\"datePublished\":\"2025-05-11T15:48:50+00:00\",\"dateModified\":\"2025-06-16T13:53:17+00:00\",\"description\":\"\u015awiadczymy us\u0142ugi planowania strategicznego oraz zarz\u0105dzania programami, zam\u00f3wieniami i portfolio (P3M) w kluczowych dla nas sektorach.\",\"breadcrumb\":{\"@id\":\"https:\/\/www.das-int.com\/pl\/nasza-dzialalnosc\/zarzadzanie-zamowieniami-i-programami\/#breadcrumb\"},\"inLanguage\":\"pl-PL\",\"potentialAction\":[{\"@type\":\"ReadAction\",\"target\":[\"https:\/\/www.das-int.com\/pl\/nasza-dzialalnosc\/zarzadzanie-zamowieniami-i-programami\/\"]}]},{\"@type\":\"BreadcrumbList\",\"@id\":\"https:\/\/www.das-int.com\/pl\/nasza-dzialalnosc\/zarzadzanie-zamowieniami-i-programami\/#breadcrumb\",\"itemListElement\":[{\"@type\":\"ListItem\",\"position\":1,\"name\":\"Strona g\u0142\u00f3wna\",\"item\":\"https:\/\/www.das-int.com\/pl\/\"},{\"@type\":\"ListItem\",\"position\":2,\"name\":\"Co robimy\",\"item\":\"https:\/\/www.das-int.com\/pl\/nasza-dzialalnosc\/\"},{\"@type\":\"ListItem\",\"position\":3,\"name\":\"Zarz\u0105dzanie Programami i Portfolio oraz Zarz\u0105dzanie Zakupami\"}]},{\"@type\":\"WebSite\",\"@id\":\"https:\/\/www.das-int.com\/pl\/#website\",\"url\":\"https:\/\/www.das-int.com\/pl\/\",\"name\":\"DAS Ltd\",\"description\":\"\",\"publisher\":{\"@id\":\"https:\/\/www.das-int.com\/pl\/#organization\"},\"potentialAction\":[{\"@type\":\"SearchAction\",\"target\":{\"@type\":\"EntryPoint\",\"urlTemplate\":\"https:\/\/www.das-int.com\/pl\/?s={search_term_string}\"},\"query-input\":{\"@type\":\"PropertyValueSpecification\",\"valueRequired\":true,\"valueName\":\"search_term_string\"}}],\"inLanguage\":\"pl-PL\"},{\"@type\":\"Organization\",\"@id\":\"https:\/\/www.das-int.com\/pl\/#organization\",\"name\":\"DAS Ltd\",\"url\":\"https:\/\/www.das-int.com\/pl\/\",\"logo\":{\"@type\":\"ImageObject\",\"inLanguage\":\"pl-PL\",\"@id\":\"https:\/\/www.das-int.com\/pl\/#\/schema\/logo\/image\/\",\"url\":\"https:\/\/www.das-int.com\/wp-content\/uploads\/2025\/05\/DASiconcompact.png\",\"contentUrl\":\"https:\/\/www.das-int.com\/wp-content\/uploads\/2025\/05\/DASiconcompact.png\",\"width\":1156,\"height\":443,\"caption\":\"DAS Ltd\"},\"image\":{\"@id\":\"https:\/\/www.das-int.com\/pl\/#\/schema\/logo\/image\/\"},\"sameAs\":[\"https:\/\/www.linkedin.com\/company\/decision-analysis-services-ltd\/\"]}]}<\/script>\n<!-- \/ Yoast SEO plugin. -->","yoast_head_json":{"title":"Zarz\u0105dzanie Programami i Portfolio oraz Zarz\u0105dzanie Zakupami | DAS Ltd","description":"\u015awiadczymy us\u0142ugi planowania strategicznego oraz zarz\u0105dzania programami, zam\u00f3wieniami i portfolio (P3M) w kluczowych dla nas sektorach.","robots":{"index":"index","follow":"follow","max-snippet":"max-snippet:-1","max-image-preview":"max-image-preview:large","max-video-preview":"max-video-preview:-1"},"canonical":"https:\/\/www.das-int.com\/pl\/nasza-dzialalnosc\/zarzadzanie-zamowieniami-i-programami\/","og_locale":"pl_PL","og_type":"article","og_title":"Zarz\u0105dzanie Programami i Portfolio oraz Zarz\u0105dzanie Zakupami | DAS Ltd","og_description":"\u015awiadczymy us\u0142ugi planowania strategicznego oraz zarz\u0105dzania programami, zam\u00f3wieniami i portfolio (P3M) w kluczowych dla nas sektorach.","og_url":"https:\/\/www.das-int.com\/pl\/nasza-dzialalnosc\/zarzadzanie-zamowieniami-i-programami\/","og_site_name":"DAS Ltd","article_modified_time":"2025-06-16T13:53:17+00:00","twitter_card":"summary_large_image","schema":{"@context":"https:\/\/schema.org","@graph":[{"@type":"WebPage","@id":"https:\/\/www.das-int.com\/pl\/nasza-dzialalnosc\/zarzadzanie-zamowieniami-i-programami\/","url":"https:\/\/www.das-int.com\/pl\/nasza-dzialalnosc\/zarzadzanie-zamowieniami-i-programami\/","name":"Zarz\u0105dzanie Programami i Portfolio oraz Zarz\u0105dzanie Zakupami | DAS Ltd","isPartOf":{"@id":"https:\/\/www.das-int.com\/pl\/#website"},"datePublished":"2025-05-11T15:48:50+00:00","dateModified":"2025-06-16T13:53:17+00:00","description":"\u015awiadczymy us\u0142ugi planowania strategicznego oraz zarz\u0105dzania programami, zam\u00f3wieniami i portfolio (P3M) w kluczowych dla nas sektorach.","breadcrumb":{"@id":"https:\/\/www.das-int.com\/pl\/nasza-dzialalnosc\/zarzadzanie-zamowieniami-i-programami\/#breadcrumb"},"inLanguage":"pl-PL","potentialAction":[{"@type":"ReadAction","target":["https:\/\/www.das-int.com\/pl\/nasza-dzialalnosc\/zarzadzanie-zamowieniami-i-programami\/"]}]},{"@type":"BreadcrumbList","@id":"https:\/\/www.das-int.com\/pl\/nasza-dzialalnosc\/zarzadzanie-zamowieniami-i-programami\/#breadcrumb","itemListElement":[{"@type":"ListItem","position":1,"name":"Strona g\u0142\u00f3wna","item":"https:\/\/www.das-int.com\/pl\/"},{"@type":"ListItem","position":2,"name":"Co robimy","item":"https:\/\/www.das-int.com\/pl\/nasza-dzialalnosc\/"},{"@type":"ListItem","position":3,"name":"Zarz\u0105dzanie Programami i Portfolio oraz Zarz\u0105dzanie Zakupami"}]},{"@type":"WebSite","@id":"https:\/\/www.das-int.com\/pl\/#website","url":"https:\/\/www.das-int.com\/pl\/","name":"DAS Ltd","description":"","publisher":{"@id":"https:\/\/www.das-int.com\/pl\/#organization"},"potentialAction":[{"@type":"SearchAction","target":{"@type":"EntryPoint","urlTemplate":"https:\/\/www.das-int.com\/pl\/?s={search_term_string}"},"query-input":{"@type":"PropertyValueSpecification","valueRequired":true,"valueName":"search_term_string"}}],"inLanguage":"pl-PL"},{"@type":"Organization","@id":"https:\/\/www.das-int.com\/pl\/#organization","name":"DAS Ltd","url":"https:\/\/www.das-int.com\/pl\/","logo":{"@type":"ImageObject","inLanguage":"pl-PL","@id":"https:\/\/www.das-int.com\/pl\/#\/schema\/logo\/image\/","url":"https:\/\/www.das-int.com\/wp-content\/uploads\/2025\/05\/DASiconcompact.png","contentUrl":"https:\/\/www.das-int.com\/wp-content\/uploads\/2025\/05\/DASiconcompact.png","width":1156,"height":443,"caption":"DAS Ltd"},"image":{"@id":"https:\/\/www.das-int.com\/pl\/#\/schema\/logo\/image\/"},"sameAs":["https:\/\/www.linkedin.com\/company\/decision-analysis-services-ltd\/"]}]}},"_links":{"self":[{"href":"https:\/\/www.das-int.com\/pl\/wp-json\/wp\/v2\/pages\/658","targetHints":{"allow":["GET"]}}],"collection":[{"href":"https:\/\/www.das-int.com\/pl\/wp-json\/wp\/v2\/pages"}],"about":[{"href":"https:\/\/www.das-int.com\/pl\/wp-json\/wp\/v2\/types\/page"}],"author":[{"embeddable":true,"href":"https:\/\/www.das-int.com\/pl\/wp-json\/wp\/v2\/users\/1"}],"replies":[{"embeddable":true,"href":"https:\/\/www.das-int.com\/pl\/wp-json\/wp\/v2\/comments?post=658"}],"version-history":[{"count":2,"href":"https:\/\/www.das-int.com\/pl\/wp-json\/wp\/v2\/pages\/658\/revisions"}],"predecessor-version":[{"id":821,"href":"https:\/\/www.das-int.com\/pl\/wp-json\/wp\/v2\/pages\/658\/revisions\/821"}],"up":[{"embeddable":true,"href":"https:\/\/www.das-int.com\/pl\/wp-json\/wp\/v2\/pages\/664"}],"wp:attachment":[{"href":"https:\/\/www.das-int.com\/pl\/wp-json\/wp\/v2\/media?parent=658"}],"curies":[{"name":"wp","href":"https:\/\/api.w.org\/{rel}","templated":true}]}}