{"id":669,"date":"2025-05-08T12:52:56","date_gmt":"2025-05-08T11:52:56","guid":{"rendered":"https:\/\/dasstaging.hotboxstudios.net\/obszary-naszej-dzialalnosci\/"},"modified":"2025-07-28T13:49:53","modified_gmt":"2025-07-28T12:49:53","slug":"obszary-naszej-dzialalnosci","status":"publish","type":"page","link":"https:\/\/www.das-int.com\/pl\/obszary-naszej-dzialalnosci\/","title":{"rendered":"Obszary naszej dzia\u0142alno\u015bci"},"content":{"rendered":"<h2>Koncentrujemy si\u0119 na kluczowej infrastrukturze krytycznej pa\u0144stwa, \u015bwiadcz\u0105c profesjonalne us\u0142ugi w <strong>sektorach obronnym<\/strong>, <strong>energetyki<\/strong>, <strong>administracji publicznej<\/strong>, <strong>transportu<\/strong> oraz <strong>ochrony zdrowia<\/strong>.<\/h2>\n<p>Od transformacji cyfrowej i zwi\u0119kszania efektywno\u015bci operacyjnej, po budowanie odporno\u015bci strategicznej i zr\u00f3wnowa\u017cony rozw\u00f3j \u2013 wspieramy klient\u00f3w w rozwi\u0105zywaniu z\u0142o\u017conych problem\u00f3w w dynamicznie zmieniaj\u0105cym si\u0119 otoczeniu.<\/p>\n","protected":false},"excerpt":{"rendered":"<p>Koncentrujemy si\u0119 na kluczowej infrastrukturze krytycznej pa\u0144stwa, \u015bwiadcz\u0105c profesjonalne us\u0142ugi w sektorach obronnym, energetyki, administracji publicznej, transportu oraz ochrony zdrowia. Od transformacji cyfrowej i zwi\u0119kszania efektywno\u015bci operacyjnej, po budowanie odporno\u015bci strategicznej i zr\u00f3wnowa\u017cony rozw\u00f3j \u2013 wspieramy klient\u00f3w w rozwi\u0105zywaniu z\u0142o\u017conych problem\u00f3w w dynamicznie zmieniaj\u0105cym si\u0119 otoczeniu.<\/p>\n","protected":false},"author":1,"featured_media":0,"parent":0,"menu_order":0,"comment_status":"closed","ping_status":"closed","template":"templates\/sectors.php","meta":{"_acf_changed":false,"inline_featured_image":false,"footnotes":""},"class_list":["post-669","page","type-page","status-publish","hentry"],"acf":[],"yoast_head":"<!-- This site is optimized with the Yoast SEO plugin v27.2 - https:\/\/yoast.com\/product\/yoast-seo-wordpress\/ -->\n<title>Obszary naszej dzia\u0142alno\u015bci | DAS Ltd<\/title>\n<meta name=\"description\" content=\"Koncentrujemy si\u0119 na kluczowej infrastrukturze krytycznej pa\u0144stwa, \u015bwiadcz\u0105c profesjonalne us\u0142ugi w sektorach obronnym, energetyki, administracji publicznej, transportu oraz ochrony zdrowia.\" \/>\n<meta name=\"robots\" content=\"index, follow, max-snippet:-1, max-image-preview:large, max-video-preview:-1\" \/>\n<link rel=\"canonical\" href=\"https:\/\/www.das-int.com\/pl\/obszary-naszej-dzialalnosci\/\" \/>\n<meta property=\"og:locale\" content=\"pl_PL\" \/>\n<meta property=\"og:type\" content=\"article\" \/>\n<meta property=\"og:title\" content=\"Obszary naszej dzia\u0142alno\u015bci | DAS Ltd\" \/>\n<meta property=\"og:description\" content=\"Koncentrujemy si\u0119 na kluczowej infrastrukturze krytycznej pa\u0144stwa, \u015bwiadcz\u0105c profesjonalne us\u0142ugi w sektorach obronnym, energetyki, administracji publicznej, transportu oraz ochrony zdrowia.\" \/>\n<meta property=\"og:url\" content=\"https:\/\/www.das-int.com\/pl\/obszary-naszej-dzialalnosci\/\" \/>\n<meta property=\"og:site_name\" content=\"DAS Ltd\" \/>\n<meta property=\"article:modified_time\" content=\"2025-07-28T12:49:53+00:00\" \/>\n<meta name=\"twitter:card\" content=\"summary_large_image\" \/>\n<meta name=\"twitter:label1\" content=\"Szacowany czas czytania\" \/>\n\t<meta name=\"twitter:data1\" content=\"1 minuta\" \/>\n<script type=\"application\/ld+json\" class=\"yoast-schema-graph\">{\"@context\":\"https:\/\/schema.org\",\"@graph\":[{\"@type\":\"WebPage\",\"@id\":\"https:\/\/www.das-int.com\/pl\/obszary-naszej-dzialalnosci\/\",\"url\":\"https:\/\/www.das-int.com\/pl\/obszary-naszej-dzialalnosci\/\",\"name\":\"Obszary naszej dzia\u0142alno\u015bci | DAS Ltd\",\"isPartOf\":{\"@id\":\"https:\/\/www.das-int.com\/pl\/#website\"},\"datePublished\":\"2025-05-08T11:52:56+00:00\",\"dateModified\":\"2025-07-28T12:49:53+00:00\",\"description\":\"Koncentrujemy si\u0119 na kluczowej infrastrukturze krytycznej pa\u0144stwa, \u015bwiadcz\u0105c profesjonalne us\u0142ugi w sektorach obronnym, energetyki, administracji publicznej, transportu oraz ochrony zdrowia.\",\"breadcrumb\":{\"@id\":\"https:\/\/www.das-int.com\/pl\/obszary-naszej-dzialalnosci\/#breadcrumb\"},\"inLanguage\":\"pl-PL\",\"potentialAction\":[{\"@type\":\"ReadAction\",\"target\":[\"https:\/\/www.das-int.com\/pl\/obszary-naszej-dzialalnosci\/\"]}]},{\"@type\":\"BreadcrumbList\",\"@id\":\"https:\/\/www.das-int.com\/pl\/obszary-naszej-dzialalnosci\/#breadcrumb\",\"itemListElement\":[{\"@type\":\"ListItem\",\"position\":1,\"name\":\"Strona g\u0142\u00f3wna\",\"item\":\"https:\/\/www.das-int.com\/pl\/\"},{\"@type\":\"ListItem\",\"position\":2,\"name\":\"Obszary naszej dzia\u0142alno\u015bci\"}]},{\"@type\":\"WebSite\",\"@id\":\"https:\/\/www.das-int.com\/pl\/#website\",\"url\":\"https:\/\/www.das-int.com\/pl\/\",\"name\":\"DAS Ltd\",\"description\":\"\",\"publisher\":{\"@id\":\"https:\/\/www.das-int.com\/pl\/#organization\"},\"potentialAction\":[{\"@type\":\"SearchAction\",\"target\":{\"@type\":\"EntryPoint\",\"urlTemplate\":\"https:\/\/www.das-int.com\/pl\/?s={search_term_string}\"},\"query-input\":{\"@type\":\"PropertyValueSpecification\",\"valueRequired\":true,\"valueName\":\"search_term_string\"}}],\"inLanguage\":\"pl-PL\"},{\"@type\":\"Organization\",\"@id\":\"https:\/\/www.das-int.com\/pl\/#organization\",\"name\":\"DAS Ltd\",\"url\":\"https:\/\/www.das-int.com\/pl\/\",\"logo\":{\"@type\":\"ImageObject\",\"inLanguage\":\"pl-PL\",\"@id\":\"https:\/\/www.das-int.com\/pl\/#\/schema\/logo\/image\/\",\"url\":\"https:\/\/www.das-int.com\/wp-content\/uploads\/2025\/05\/DASiconcompact.png\",\"contentUrl\":\"https:\/\/www.das-int.com\/wp-content\/uploads\/2025\/05\/DASiconcompact.png\",\"width\":1156,\"height\":443,\"caption\":\"DAS Ltd\"},\"image\":{\"@id\":\"https:\/\/www.das-int.com\/pl\/#\/schema\/logo\/image\/\"},\"sameAs\":[\"https:\/\/www.linkedin.com\/company\/decision-analysis-services-ltd\/\"]}]}<\/script>\n<!-- \/ Yoast SEO plugin. -->","yoast_head_json":{"title":"Obszary naszej dzia\u0142alno\u015bci | DAS Ltd","description":"Koncentrujemy si\u0119 na kluczowej infrastrukturze krytycznej pa\u0144stwa, \u015bwiadcz\u0105c profesjonalne us\u0142ugi w sektorach obronnym, energetyki, administracji publicznej, transportu oraz ochrony zdrowia.","robots":{"index":"index","follow":"follow","max-snippet":"max-snippet:-1","max-image-preview":"max-image-preview:large","max-video-preview":"max-video-preview:-1"},"canonical":"https:\/\/www.das-int.com\/pl\/obszary-naszej-dzialalnosci\/","og_locale":"pl_PL","og_type":"article","og_title":"Obszary naszej dzia\u0142alno\u015bci | DAS Ltd","og_description":"Koncentrujemy si\u0119 na kluczowej infrastrukturze krytycznej pa\u0144stwa, \u015bwiadcz\u0105c profesjonalne us\u0142ugi w sektorach obronnym, energetyki, administracji publicznej, transportu oraz ochrony zdrowia.","og_url":"https:\/\/www.das-int.com\/pl\/obszary-naszej-dzialalnosci\/","og_site_name":"DAS Ltd","article_modified_time":"2025-07-28T12:49:53+00:00","twitter_card":"summary_large_image","twitter_misc":{"Szacowany czas czytania":"1 minuta"},"schema":{"@context":"https:\/\/schema.org","@graph":[{"@type":"WebPage","@id":"https:\/\/www.das-int.com\/pl\/obszary-naszej-dzialalnosci\/","url":"https:\/\/www.das-int.com\/pl\/obszary-naszej-dzialalnosci\/","name":"Obszary naszej dzia\u0142alno\u015bci | DAS Ltd","isPartOf":{"@id":"https:\/\/www.das-int.com\/pl\/#website"},"datePublished":"2025-05-08T11:52:56+00:00","dateModified":"2025-07-28T12:49:53+00:00","description":"Koncentrujemy si\u0119 na kluczowej infrastrukturze krytycznej pa\u0144stwa, \u015bwiadcz\u0105c profesjonalne us\u0142ugi w sektorach obronnym, energetyki, administracji publicznej, transportu oraz ochrony zdrowia.","breadcrumb":{"@id":"https:\/\/www.das-int.com\/pl\/obszary-naszej-dzialalnosci\/#breadcrumb"},"inLanguage":"pl-PL","potentialAction":[{"@type":"ReadAction","target":["https:\/\/www.das-int.com\/pl\/obszary-naszej-dzialalnosci\/"]}]},{"@type":"BreadcrumbList","@id":"https:\/\/www.das-int.com\/pl\/obszary-naszej-dzialalnosci\/#breadcrumb","itemListElement":[{"@type":"ListItem","position":1,"name":"Strona g\u0142\u00f3wna","item":"https:\/\/www.das-int.com\/pl\/"},{"@type":"ListItem","position":2,"name":"Obszary naszej dzia\u0142alno\u015bci"}]},{"@type":"WebSite","@id":"https:\/\/www.das-int.com\/pl\/#website","url":"https:\/\/www.das-int.com\/pl\/","name":"DAS Ltd","description":"","publisher":{"@id":"https:\/\/www.das-int.com\/pl\/#organization"},"potentialAction":[{"@type":"SearchAction","target":{"@type":"EntryPoint","urlTemplate":"https:\/\/www.das-int.com\/pl\/?s={search_term_string}"},"query-input":{"@type":"PropertyValueSpecification","valueRequired":true,"valueName":"search_term_string"}}],"inLanguage":"pl-PL"},{"@type":"Organization","@id":"https:\/\/www.das-int.com\/pl\/#organization","name":"DAS Ltd","url":"https:\/\/www.das-int.com\/pl\/","logo":{"@type":"ImageObject","inLanguage":"pl-PL","@id":"https:\/\/www.das-int.com\/pl\/#\/schema\/logo\/image\/","url":"https:\/\/www.das-int.com\/wp-content\/uploads\/2025\/05\/DASiconcompact.png","contentUrl":"https:\/\/www.das-int.com\/wp-content\/uploads\/2025\/05\/DASiconcompact.png","width":1156,"height":443,"caption":"DAS Ltd"},"image":{"@id":"https:\/\/www.das-int.com\/pl\/#\/schema\/logo\/image\/"},"sameAs":["https:\/\/www.linkedin.com\/company\/decision-analysis-services-ltd\/"]}]}},"_links":{"self":[{"href":"https:\/\/www.das-int.com\/pl\/wp-json\/wp\/v2\/pages\/669","targetHints":{"allow":["GET"]}}],"collection":[{"href":"https:\/\/www.das-int.com\/pl\/wp-json\/wp\/v2\/pages"}],"about":[{"href":"https:\/\/www.das-int.com\/pl\/wp-json\/wp\/v2\/types\/page"}],"author":[{"embeddable":true,"href":"https:\/\/www.das-int.com\/pl\/wp-json\/wp\/v2\/users\/1"}],"replies":[{"embeddable":true,"href":"https:\/\/www.das-int.com\/pl\/wp-json\/wp\/v2\/comments?post=669"}],"version-history":[{"count":3,"href":"https:\/\/www.das-int.com\/pl\/wp-json\/wp\/v2\/pages\/669\/revisions"}],"predecessor-version":[{"id":1175,"href":"https:\/\/www.das-int.com\/pl\/wp-json\/wp\/v2\/pages\/669\/revisions\/1175"}],"wp:attachment":[{"href":"https:\/\/www.das-int.com\/pl\/wp-json\/wp\/v2\/media?parent=669"}],"curies":[{"name":"wp","href":"https:\/\/api.w.org\/{rel}","templated":true}]}}